{"id":1467,"date":"2024-09-06T17:10:07","date_gmt":"2024-09-06T15:10:07","guid":{"rendered":"https:\/\/codes4tcg.live\/?page_id=1467"},"modified":"2024-09-10T14:39:58","modified_gmt":"2024-09-10T12:39:58","slug":"einloesen","status":"publish","type":"page","link":"https:\/\/codes4tcg.live\/en\/einloesen\/","title":{"rendered":"Einl\u00f6sen"},"content":{"rendered":"<p>Sch\u00f6n, dass du da bist Pok\u00e9mon Trainer!<\/p>\n\n\n\n<p>Warscheinlich hast du den Gutscheincode in einem meiner absoluten Lieblingsgesch\u00e4fte gefunden, dem <a href=\"https:\/\/www.sirengames.at\/\">Siren Games<\/a> in Wien.<br>Dort findet ihr nicht nur <a href=\"https:\/\/www.sirengames.at\/de\/trading-card-games\/pokemon\" data-type=\"link\" data-id=\"https:\/\/www.sirengames.at\/de\/trading-card-games\/pokemon\">Pok\u00e9mon Produkte zu einem tollen Preis<\/a>, sondern auch andere TCGs, Tabletop- und Brettspiele.<\/p>\n\n\n\n<p>Um ihn einzul\u00f6sen, scanne den QR Code auf der Karte und folge dem Link, oder gib den Code selber am Bezahlbildschirm ein.<\/p>\n\n\n\n<p>Wenn du R\u00e4tsel und gratis PTCGL Codes magst, folge uns doch auch auf <a href=\"https:\/\/facebook.com\/codes4tcg\" data-type=\"link\" data-id=\"https:\/\/facebook.com\/codes4tcg\">Facebook<\/a>. <br>Dort haben wir das Format Quiztime ins Leben gerufen. Wir starten dort regelm\u00e4\u00dfig neue, kleine Pok\u00e9mon R\u00e4tsel, die du bestimmt l\u00f6sen kannst. Wer die jeweilige Frage als Erster richtig beantwortet, bekommt ein paar Codes geschenkt.<\/p>\n\n\n\n<p>Danke, dass du uns und den tollen Laden <a href=\"http:\/\/sirengames.at\" data-type=\"link\" data-id=\"sirengames.at\">Siren Games<\/a> unterst\u00fctzt.<br>Liebe Gr\u00fc\u00dfe vom PTCGL verr\u00fcckten Famlienbetrieb codes4tcg.live!!!<\/p>\n\n\n\n<figure class=\"wp-block-image is-resized wp-duotone-unset-1\"><img decoding=\"async\" width=\"765\" height=\"1024\" src=\"https:\/\/cdn.codes4tcg.live\/wp-content\/uploads\/2024\/09\/20240910_122604-765x1024.jpg\" alt=\"\" class=\"wp-image-1532\" style=\"width:261px;height:auto\" srcset=\"https:\/\/cdn.codes4tcg.live\/wp-content\/uploads\/2024\/09\/20240910_122604-765x1024.jpg 765w, https:\/\/cdn.codes4tcg.live\/wp-content\/uploads\/2024\/09\/20240910_122604-224x300.jpg 224w, https:\/\/cdn.codes4tcg.live\/wp-content\/uploads\/2024\/09\/20240910_122604-768x1028.jpg 768w, https:\/\/cdn.codes4tcg.live\/wp-content\/uploads\/2024\/09\/20240910_122604-1147x1536.jpg 1147w, https:\/\/cdn.codes4tcg.live\/wp-content\/uploads\/2024\/09\/20240910_122604-300x402.jpg 300w, https:\/\/cdn.codes4tcg.live\/wp-content\/uploads\/2024\/09\/20240910_122604-600x803.jpg 600w, https:\/\/cdn.codes4tcg.live\/wp-content\/uploads\/2024\/09\/20240910_122604.jpg 1434w\" sizes=\"(max-width: 765px) 100vw, 765px\" \/><\/figure>","protected":false},"excerpt":{"rendered":"<p>Sch\u00f6n, dass du da bist Pok\u00e9mon Trainer! Warscheinlich hast du den Gutscheincode in einem meiner absoluten Lieblingsgesch\u00e4fte gefunden, dem Siren Games in Wien.Dort findet ihr nicht nur Pok\u00e9mon Produkte zu einem tollen Preis, sondern auch andere TCGs, Tabletop- und Brettspiele. Um ihn einzul\u00f6sen, scanne den QR Code auf der Karte und folge dem Link, oder [&hellip;]<\/p>","protected":false},"author":1,"featured_media":0,"parent":0,"menu_order":0,"comment_status":"closed","ping_status":"closed","template":"","meta":{"_acf_changed":false,"footnotes":""},"class_list":["post-1467","page","type-page","status-publish","hentry"],"acf":[],"_links":{"self":[{"href":"https:\/\/codes4tcg.live\/en\/wp-json\/wp\/v2\/pages\/1467","targetHints":{"allow":["GET"]}}],"collection":[{"href":"https:\/\/codes4tcg.live\/en\/wp-json\/wp\/v2\/pages"}],"about":[{"href":"https:\/\/codes4tcg.live\/en\/wp-json\/wp\/v2\/types\/page"}],"author":[{"embeddable":true,"href":"https:\/\/codes4tcg.live\/en\/wp-json\/wp\/v2\/users\/1"}],"replies":[{"embeddable":true,"href":"https:\/\/codes4tcg.live\/en\/wp-json\/wp\/v2\/comments?post=1467"}],"version-history":[{"count":17,"href":"https:\/\/codes4tcg.live\/en\/wp-json\/wp\/v2\/pages\/1467\/revisions"}],"predecessor-version":[{"id":1535,"href":"https:\/\/codes4tcg.live\/en\/wp-json\/wp\/v2\/pages\/1467\/revisions\/1535"}],"wp:attachment":[{"href":"https:\/\/codes4tcg.live\/en\/wp-json\/wp\/v2\/media?parent=1467"}],"curies":[{"name":"wp","href":"https:\/\/api.w.org\/{rel}","templated":true}]}}