{"id":2680,"date":"2025-02-02T11:35:14","date_gmt":"2025-02-02T10:35:14","guid":{"rendered":"https:\/\/codes4tcg.live\/?page_id=2680"},"modified":"2025-02-02T14:09:27","modified_gmt":"2025-02-02T13:09:27","slug":"partners","status":"publish","type":"page","link":"https:\/\/codes4tcg.live\/en\/partners\/","title":{"rendered":"Partners"},"content":{"rendered":"<h2 class=\"wp-block-heading has-text-align-center\">Partners<\/h2>\n\n\n\n<p class=\"has-text-align-center\">Kontaktiere uns gerne, wenn du Ideen hast, wie wir uns gegenseitig Unterst\u00fctzen k\u00f6nnen.<\/p>\n\n\n\n<h2 class=\"wp-block-heading has-text-align-center\">Streamers<\/h2>\n\n\n\n<p class=\"has-text-align-center\">Wir unterst\u00fctzen PTCGL Streamer mit Codes.<\/p>\n\n\n\n<div class=\"wp-block-group is-vertical is-content-justification-center is-layout-flex wp-container-core-group-is-layout-ce155fab wp-block-group-is-layout-flex\">\n<div class=\"wp-block-group is-vertical is-content-justification-center is-layout-flex wp-container-core-group-is-layout-ce155fab wp-block-group-is-layout-flex\">\n<figure class=\"wp-block-image alignleft size-full is-style-rounded wp-duotone-unset-2 is-style-rounded--1\"><img decoding=\"async\" width=\"70\" height=\"70\" src=\"https:\/\/cdn.codes4tcg.live\/wp-content\/uploads\/2025\/02\/c1e07d95-1fe9-4568-b4c0-0f934ada2a0f-profile_image-70x70-1.png\" alt=\"\" class=\"wp-image-2682\" srcset=\"https:\/\/cdn.codes4tcg.live\/wp-content\/uploads\/2025\/02\/c1e07d95-1fe9-4568-b4c0-0f934ada2a0f-profile_image-70x70-1.png 70w, https:\/\/cdn.codes4tcg.live\/wp-content\/uploads\/2025\/02\/c1e07d95-1fe9-4568-b4c0-0f934ada2a0f-profile_image-70x70-1-50x50.png 50w, https:\/\/cdn.codes4tcg.live\/wp-content\/uploads\/2025\/02\/c1e07d95-1fe9-4568-b4c0-0f934ada2a0f-profile_image-70x70-1-12x12.png 12w\" sizes=\"(max-width: 70px) 100vw, 70px\" \/><\/figure>\n\n\n\n<figure class=\"wp-block-image size-full wp-duotone-unset-3\" style=\"margin-top:-48px;margin-bottom:-48px\"><img decoding=\"async\" width=\"24\" height=\"15\" src=\"https:\/\/cdn.codes4tcg.live\/wp-content\/uploads\/2025\/02\/us24maxpx.png\" alt=\"\" class=\"wp-image-2690\" style=\"object-fit:cover\" srcset=\"https:\/\/cdn.codes4tcg.live\/wp-content\/uploads\/2025\/02\/us24maxpx.png 24w, https:\/\/cdn.codes4tcg.live\/wp-content\/uploads\/2025\/02\/us24maxpx-18x12.png 18w\" sizes=\"(max-width: 24px) 100vw, 24px\" \/><\/figure>\n<\/div>\n\n\n\n<div class=\"wp-block-group is-vertical is-content-justification-center is-layout-flex wp-container-core-group-is-layout-ebcfee8d wp-block-group-is-layout-flex\" style=\"margin-top:46px\">\n<p><strong>BaldBabby<\/strong><\/p>\n\n\n\n<ul class=\"wp-block-social-links is-layout-flex wp-block-social-links-is-layout-flex\" style=\"margin-top:-12px\"><li class=\"wp-social-link wp-social-link-twitch  wp-block-social-link\"><a href=\"https:\/\/www.twitch.tv\/baldbabby217\" class=\"wp-block-social-link-anchor\"><svg width=\"24\" height=\"24\" viewbox=\"0 0 24 24\" version=\"1.1\" xmlns=\"http:\/\/www.w3.org\/2000\/svg\" aria-hidden=\"true\" focusable=\"false\"><path d=\"M16.499,8.089h-1.636v4.91h1.636V8.089z M12,8.089h-1.637v4.91H12V8.089z M4.228,3.178L3,6.451v13.092h4.499V22h2.456 l2.454-2.456h3.681L21,14.636V3.178H4.228z M19.364,13.816l-2.864,2.865H12l-2.453,2.453V16.68H5.863V4.814h13.501V13.816z\"><\/path><\/svg><span class=\"wp-block-social-link-label screen-reader-text\">Twitch<\/span><\/a><\/li>\n\n<li class=\"wp-social-link wp-social-link-youtube  wp-block-social-link\"><a href=\"https:\/\/www.youtube.com\/@BaldBabby\" class=\"wp-block-social-link-anchor\"><svg width=\"24\" height=\"24\" viewbox=\"0 0 24 24\" version=\"1.1\" xmlns=\"http:\/\/www.w3.org\/2000\/svg\" aria-hidden=\"true\" focusable=\"false\"><path d=\"M21.8,8.001c0,0-0.195-1.378-0.795-1.985c-0.76-0.797-1.613-0.801-2.004-0.847c-2.799-0.202-6.997-0.202-6.997-0.202 h-0.009c0,0-4.198,0-6.997,0.202C4.608,5.216,3.756,5.22,2.995,6.016C2.395,6.623,2.2,8.001,2.2,8.001S2,9.62,2,11.238v1.517 c0,1.618,0.2,3.237,0.2,3.237s0.195,1.378,0.795,1.985c0.761,0.797,1.76,0.771,2.205,0.855c1.6,0.153,6.8,0.201,6.8,0.201 s4.203-0.006,7.001-0.209c0.391-0.047,1.243-0.051,2.004-0.847c0.6-0.607,0.795-1.985,0.795-1.985s0.2-1.618,0.2-3.237v-1.517 C22,9.62,21.8,8.001,21.8,8.001z M9.935,14.594l-0.001-5.62l5.404,2.82L9.935,14.594z\"><\/path><\/svg><span class=\"wp-block-social-link-label screen-reader-text\">YouTube<\/span><\/a><\/li><\/ul>\n\n\n\n<p><\/p>\n<\/div>\n<\/div>","protected":false},"excerpt":{"rendered":"<p>Partner Kontaktiere uns gerne, wenn du Ideen hast, wie wir uns gegenseitig Unterst\u00fctzen k\u00f6nnen. Streamer Wir unterst\u00fctzen PTCGL Streamer mit Codes. BaldBabby<\/p>","protected":false},"author":1,"featured_media":0,"parent":0,"menu_order":0,"comment_status":"closed","ping_status":"closed","template":"","meta":{"_acf_changed":false,"footnotes":""},"class_list":["post-2680","page","type-page","status-publish","hentry"],"acf":[],"_links":{"self":[{"href":"https:\/\/codes4tcg.live\/en\/wp-json\/wp\/v2\/pages\/2680","targetHints":{"allow":["GET"]}}],"collection":[{"href":"https:\/\/codes4tcg.live\/en\/wp-json\/wp\/v2\/pages"}],"about":[{"href":"https:\/\/codes4tcg.live\/en\/wp-json\/wp\/v2\/types\/page"}],"author":[{"embeddable":true,"href":"https:\/\/codes4tcg.live\/en\/wp-json\/wp\/v2\/users\/1"}],"replies":[{"embeddable":true,"href":"https:\/\/codes4tcg.live\/en\/wp-json\/wp\/v2\/comments?post=2680"}],"version-history":[{"count":21,"href":"https:\/\/codes4tcg.live\/en\/wp-json\/wp\/v2\/pages\/2680\/revisions"}],"predecessor-version":[{"id":2718,"href":"https:\/\/codes4tcg.live\/en\/wp-json\/wp\/v2\/pages\/2680\/revisions\/2718"}],"wp:attachment":[{"href":"https:\/\/codes4tcg.live\/en\/wp-json\/wp\/v2\/media?parent=2680"}],"curies":[{"name":"wp","href":"https:\/\/api.w.org\/{rel}","templated":true}]}}