{"id":3652,"date":"2025-05-29T12:32:59","date_gmt":"2025-05-29T10:32:59","guid":{"rendered":"https:\/\/codes4tcg.live\/?page_id=3652"},"modified":"2025-05-29T12:54:01","modified_gmt":"2025-05-29T10:54:01","slug":"quiztime-regeln","status":"publish","type":"page","link":"https:\/\/codes4tcg.live\/en\/quiztime-regeln\/","title":{"rendered":"Quiztime Rules"},"content":{"rendered":"<h2 class=\"wp-block-heading\">Quiztime Rules<\/h2>\n\n\n\n<p>Regeln f\u00fcr meine Quiztime-Gewinnspiele auf der <a href=\"http:\/\/facebook.com\/codes4tcg\" data-type=\"link\" data-id=\"facebook.com\/codes4tcg\">Facebook-Seite von Codes 4TCG<\/a>.<\/p>\n\n\n\n<ol class=\"wp-block-list\">\n<li>Nur Follower der Facebook Seite k\u00f6nnen gewinnen.<\/li>\n\n\n\n<li>The first person to answer correctly wins the free PTCGL codes.<\/li>\n\n\n\n<li>Die Anzahl und die PTCGL-Codes und das jeweilige Set, sind im Quiztime-Beitrag aufgef\u00fchrt.<\/li>\n\n\n\n<li>Der vorherige Gewinner ist f\u00fcr eine Runde von Quiztime ausgeschlossen. Sein\/ihr Name wird zur Information im Quiztime-Beitrag angegeben.<\/li>\n\n\n\n<li>Die Codes k\u00f6nnen direkt \u00fcber einen pers\u00f6nlichen Link zu meinem Shop eingesehen und verwaltet werden.<\/li>\n\n\n\n<li>Wenn du gewonnen hast und andere Codes willst, teile es mir bitte mit, sobald ich dich kontaktiere, dass wir Alternativen besprechen k\u00f6nnen.<\/li>\n<\/ol>\n\n\n\n<p>Version 1.0<br>29th of May 2025<\/p>\n\n\n\n<p><\/p>","protected":false},"excerpt":{"rendered":"<p>Quiztime Regeln Regeln f\u00fcr meine Quiztime-Gewinnspiele auf der Facebook-Seite von Codes 4TCG. Version 1.029th of May 2025<\/p>","protected":false},"author":1,"featured_media":0,"parent":0,"menu_order":0,"comment_status":"closed","ping_status":"closed","template":"","meta":{"_acf_changed":false,"footnotes":""},"class_list":["post-3652","page","type-page","status-publish","hentry"],"acf":[],"_links":{"self":[{"href":"https:\/\/codes4tcg.live\/en\/wp-json\/wp\/v2\/pages\/3652","targetHints":{"allow":["GET"]}}],"collection":[{"href":"https:\/\/codes4tcg.live\/en\/wp-json\/wp\/v2\/pages"}],"about":[{"href":"https:\/\/codes4tcg.live\/en\/wp-json\/wp\/v2\/types\/page"}],"author":[{"embeddable":true,"href":"https:\/\/codes4tcg.live\/en\/wp-json\/wp\/v2\/users\/1"}],"replies":[{"embeddable":true,"href":"https:\/\/codes4tcg.live\/en\/wp-json\/wp\/v2\/comments?post=3652"}],"version-history":[{"count":7,"href":"https:\/\/codes4tcg.live\/en\/wp-json\/wp\/v2\/pages\/3652\/revisions"}],"predecessor-version":[{"id":3661,"href":"https:\/\/codes4tcg.live\/en\/wp-json\/wp\/v2\/pages\/3652\/revisions\/3661"}],"wp:attachment":[{"href":"https:\/\/codes4tcg.live\/en\/wp-json\/wp\/v2\/media?parent=3652"}],"curies":[{"name":"wp","href":"https:\/\/api.w.org\/{rel}","templated":true}]}}