{"id":3955,"date":"2025-09-02T23:21:24","date_gmt":"2025-09-02T21:21:24","guid":{"rendered":"https:\/\/codes4tcg.live\/?page_id=3955"},"modified":"2025-09-02T23:24:46","modified_gmt":"2025-09-02T21:24:46","slug":"return-refund-policy","status":"publish","type":"page","link":"https:\/\/codes4tcg.live\/en\/return-refund-policy\/","title":{"rendered":"R\u00fcckgabe und Erstattung"},"content":{"rendered":"<h2 class=\"wp-block-heading\">R\u00fcckgabe und Erstattung<\/h2>\n\n\n\n<p>At <strong>codes4tcg.live<\/strong> verkaufen wir ausschlie\u00dflich digitale Pok\u00e9mon TCG Live Code-Karten.<br>Because our products are <strong>unique, one-time-use digital items<\/strong> the following applies:<\/p>\n\n\n\n<ul class=\"wp-block-list\">\n<li><strong>Alle Verk\u00e4ufe sind endg\u00fcltig.<\/strong><\/li>\n\n\n\n<li>Nach der Zustellung eines Codes ist eine R\u00fcckgabe, Erstattung oder ein Umtausch ausgeschlossen.<\/li>\n\n\n\n<li>R\u00fccksendungen von digitalen Produkten sind unter keinen Umst\u00e4nden m\u00f6glich.<\/li>\n\n\n\n<li>Solltest du ein Problem mit einem gekauften Code haben (z. B. ung\u00fcltig oder bereits eingel\u00f6st), kontaktiere uns bitte umgehend unter shop@codes4tcg.live. Wir pr\u00fcfen den Fall und bem\u00fchen uns um eine faire L\u00f6sung.<\/li>\n<\/ul>\n\n\n\n<p>Mit dem Kauf in unserem Shop erkl\u00e4rst du dich ausdr\u00fccklich mit dieser <strong>Keine-R\u00fcckgabe- und Keine-Erstattung-Politik<\/strong> .<\/p>\n\n\n\n<p>&nbsp;<\/p>","protected":false},"excerpt":{"rendered":"<p>R\u00fcckgabe und Erstattung Bei codes4tcg.live verkaufen wir ausschlie\u00dflich digitale Pok\u00e9mon TCG Live Code-Karten.Da es sich um einzigartige, einmal verwendbare digitale Produkte handelt, gilt Folgendes: Mit dem Kauf in unserem Shop erkl\u00e4rst du dich ausdr\u00fccklich mit dieser Keine-R\u00fcckgabe- und Keine-Erstattung-Politik einverstanden. &nbsp;<\/p>","protected":false},"author":1,"featured_media":0,"parent":0,"menu_order":0,"comment_status":"closed","ping_status":"closed","template":"","meta":{"_acf_changed":false,"footnotes":""},"class_list":["post-3955","page","type-page","status-publish","hentry"],"acf":[],"_links":{"self":[{"href":"https:\/\/codes4tcg.live\/en\/wp-json\/wp\/v2\/pages\/3955","targetHints":{"allow":["GET"]}}],"collection":[{"href":"https:\/\/codes4tcg.live\/en\/wp-json\/wp\/v2\/pages"}],"about":[{"href":"https:\/\/codes4tcg.live\/en\/wp-json\/wp\/v2\/types\/page"}],"author":[{"embeddable":true,"href":"https:\/\/codes4tcg.live\/en\/wp-json\/wp\/v2\/users\/1"}],"replies":[{"embeddable":true,"href":"https:\/\/codes4tcg.live\/en\/wp-json\/wp\/v2\/comments?post=3955"}],"version-history":[{"count":3,"href":"https:\/\/codes4tcg.live\/en\/wp-json\/wp\/v2\/pages\/3955\/revisions"}],"predecessor-version":[{"id":3958,"href":"https:\/\/codes4tcg.live\/en\/wp-json\/wp\/v2\/pages\/3955\/revisions\/3958"}],"wp:attachment":[{"href":"https:\/\/codes4tcg.live\/en\/wp-json\/wp\/v2\/media?parent=3955"}],"curies":[{"name":"wp","href":"https:\/\/api.w.org\/{rel}","templated":true}]}}