{"id":402,"date":"2024-02-02T17:21:13","date_gmt":"2024-02-02T16:21:13","guid":{"rendered":"https:\/\/codes4tcg.live\/?page_id=402"},"modified":"2024-12-30T10:43:36","modified_gmt":"2024-12-30T09:43:36","slug":"pokemon-tcg-live","status":"publish","type":"page","link":"https:\/\/codes4tcg.live\/en\/pokemon-tcg-live\/","title":{"rendered":"About Pok\u00e9mon TCG Live"},"content":{"rendered":"<p>Bei uns dreht sich alles um das Pok\u00e9mon TCG Live (PTCGL), der digitalen Umsetzung des Pok\u00e9mon Sammelkartenspiels.<\/p>\n\n\n\n<p>Auf dieser Seite haben wir ein paar Informationen zu dem Thema zusammengefasst, warum wir eine digitale Umsetzung des Pok\u00e9mon TCG als sinnvoll erachten.<\/p>\n\n\n\n<h2 class=\"wp-block-heading\">Why play on the screen?<\/h2>\n\n\n\n<p>Gemeinsam, mit echten Karten an einem Tisch zu spielen ist anders! Dennoch hat die digitale Variante seine Vorz\u00fcge und Daseinsberechtigung.<\/p>\n\n\n\n<div class=\"wp-block-group has-global-padding is-layout-constrained wp-block-group-is-layout-constrained\">\n<figure class=\"wp-block-embed is-type-video is-provider-youtube wp-block-embed-youtube wp-embed-aspect-16-9 wp-has-aspect-ratio\"><div class=\"wp-block-embed__wrapper\">\n<iframe loading=\"lazy\" title=\"Pok\u00e9mon Trading Card Game Live \ud83c\udfae [SNEAK PEEK] \ud83d\udc40 | Official Trailer\" width=\"500\" height=\"281\" src=\"https:\/\/www.youtube.com\/embed\/7ooBE5AQODY?feature=oembed&#038;enablejsapi=1&#038;origin=https:\/\/codes4tcg.live\" frameborder=\"0\" allow=\"accelerometer; autoplay; clipboard-write; encrypted-media; gyroscope; picture-in-picture; web-share\" referrerpolicy=\"strict-origin-when-cross-origin\" allowfullscreen><\/iframe>\n<\/div><\/figure>\n<\/div>\n\n\n\n<h3 class=\"wp-block-heading\">Quick Matches<\/h3>\n\n\n\n<p>Der Rundenstart in PTCGL inklusive Kartenziehen und M\u00fcnzwurf dauert etwa 1 Minute, viel schneller als eine reale Runde zu starten. Das Mischen der Karten entf\u00e4llt und das Suchen von Karten ist einfacher.<br><br><strong>Our tip:<\/strong> Check your Battle Pass goals before the round. Use the start phase to refocus on your goals, your deck and your strategies.<\/p>\n\n\n\n<h3 class=\"wp-block-heading\">Deck Development<\/h3>\n\n\n\n<p>Ein echtes Deck Pok\u00e9mon zusammenzustellen kostet Zeit und Geld. Will man eben mal schnell etwas probieren und in Spielen gegen eine Vielzahl unterschiedlicher Decks auszutesten, ist das PTCGL die richtige Wahl.<br><br><strong>Our tip:<\/strong> Am Computer lassen sich die Decks leichter bearbeiten. Selbst hergestellte (Proxy) Karten sind eine weitere M\u00f6glichkeit um Decks die man nicht in echten Karten besitzt, zu spielen.<\/p>\n\n\n\n<h3 class=\"wp-block-heading\">Training<\/h3>\n\n\n\n<p>F\u00fcr Neulinge im Sammelkartenspiel ist das PTCGL eine gute M\u00f6glichkeit, das Regelwerk schnell und effektiv zu erlernen. <\/p>\n\n\n\n<p>Will man kompetitiv Pok\u00e9mon spielen, ist das verinnerlichen des Decks eine sehr wichtige Komponente. Bei Turnieren spielt man im Besten Fall sehr viele Runden und je sp\u00e4ter der Tag, umso schmerzhafter sind Spielfehler die man begeht. Mithilfe des PTCGL, kannst du Erfahrung gegen unterschiedlichste Decks und Spieler sammeln um besser vorbereitet in deine n\u00e4chsten K\u00e4mpfe zu starten.<\/p>\n\n\n\n<h3 class=\"wp-block-heading\">Packs<\/h3>\n\n\n\n<p>Klar ist gerade bei diesem Punkt der Unterschied zwischen real und virtuell deutlich sp\u00fcrbar. Dennoch, Packs \u00f6ffnen und Master Sets vervollst\u00e4ndigen macht auch virtuell Spa\u00df!<\/p>\n\n\n\n<p><\/p>","protected":false},"excerpt":{"rendered":"<p>Bei uns dreht sich alles um das Pok\u00e9mon TCG Live (PTCGL), der digitalen Umsetzung des Pok\u00e9mon Sammelkartenspiels. Auf dieser Seite haben wir ein paar Informationen zu dem Thema zusammengefasst, warum wir eine digitale Umsetzung des Pok\u00e9mon TCG als sinnvoll erachten. Warum am Bildschirm spielen? Gemeinsam, mit echten Karten an einem Tisch zu spielen ist anders! [&hellip;]<\/p>","protected":false},"author":1,"featured_media":0,"parent":0,"menu_order":0,"comment_status":"closed","ping_status":"closed","template":"","meta":{"_acf_changed":false,"footnotes":""},"class_list":["post-402","page","type-page","status-publish","hentry"],"acf":[],"_links":{"self":[{"href":"https:\/\/codes4tcg.live\/en\/wp-json\/wp\/v2\/pages\/402","targetHints":{"allow":["GET"]}}],"collection":[{"href":"https:\/\/codes4tcg.live\/en\/wp-json\/wp\/v2\/pages"}],"about":[{"href":"https:\/\/codes4tcg.live\/en\/wp-json\/wp\/v2\/types\/page"}],"author":[{"embeddable":true,"href":"https:\/\/codes4tcg.live\/en\/wp-json\/wp\/v2\/users\/1"}],"replies":[{"embeddable":true,"href":"https:\/\/codes4tcg.live\/en\/wp-json\/wp\/v2\/comments?post=402"}],"version-history":[{"count":27,"href":"https:\/\/codes4tcg.live\/en\/wp-json\/wp\/v2\/pages\/402\/revisions"}],"predecessor-version":[{"id":2383,"href":"https:\/\/codes4tcg.live\/en\/wp-json\/wp\/v2\/pages\/402\/revisions\/2383"}],"wp:attachment":[{"href":"https:\/\/codes4tcg.live\/en\/wp-json\/wp\/v2\/media?parent=402"}],"curies":[{"name":"wp","href":"https:\/\/api.w.org\/{rel}","templated":true}]}}