{"id":507,"date":"2024-02-07T16:58:24","date_gmt":"2024-02-07T15:58:24","guid":{"rendered":"https:\/\/codes4tcg.live\/?page_id=507"},"modified":"2024-12-31T15:10:33","modified_gmt":"2024-12-31T14:10:33","slug":"hilfe","status":"publish","type":"page","link":"https:\/\/codes4tcg.live\/en\/hilfe\/","title":{"rendered":"Help"},"content":{"rendered":"<p>Hier findest du eine Auswahl h\u00e4ufig gestellter Fragen und Antworten \u00fcber unseren Shop und das Pok\u00e9mon TCG Live (PTCGL).<br>If this does not help you, please send us a message to <a href=\"mailto:shop@codes4tcg.live\">shop@codes4tcg.live<\/a>.<\/p>\n\n\n\n<details class=\"wp-block-details is-layout-flow wp-block-details-is-layout-flow\"><summary>When will I receive the purchased codes?<\/summary>\n<p>Die Code Bereitstellung wird sofort angesto\u00dfen. In den meisten F\u00e4llen ist der Vorgang nach wenigen Sekunden abgeschlo\u00dfen.<br>However, please allow up to 10 minutes for delivery.<br>Should an error occur in an exceptional case (e.g. due to subsystem failure), provision will be made within 1 working day.<\/p>\n<\/details>\n\n\n\n<details class=\"wp-block-details is-layout-flow wp-block-details-is-layout-flow\"><summary>Wie kann ich Codes im Spiel einl\u00f6sen?<\/summary>\n<p><a href=\"https:\/\/support.pokemon.com\/hc\/en-us\/articles\/6488400519444-Code-Card-Redemption-FAQ\">Here is the official page<\/a> on the topic.<br>Unabh\u00e4ngig vom Ger\u00e4t lassen sich bis zu 10 Codes auf einmal einl\u00f6sen.<br>Wir empfehlen Android Ger\u00e4te f\u00fcr das Scannen per Kamera und &#8222;Kopieren &amp; Einf\u00fcgen&#8220; wenn du mit Maus und Tastatur arbeitest.<\/p>\n<\/details>\n\n\n\n<details class=\"wp-block-details is-layout-flow wp-block-details-is-layout-flow\"><summary>Was bekomme ich, wenn ich die Codes einl\u00f6se?<\/summary>\n<p>Codes unlock different digital content, such as:<\/p>\n\n\n\n<ul class=\"wp-block-list\">\n<li>Booster Packs (<a href=\"https:\/\/tcg.pokemon.com\/tcgl\/droprate\/\" data-type=\"link\" data-id=\"https:\/\/tcg.pokemon.com\/tcgl\/droprate\/\">Dropraten<\/a>)<\/li>\n\n\n\n<li>Spielzubeh\u00f6r (M\u00fcnzen, Deckboxen, Kartenh\u00fcllen)<\/li>\n\n\n\n<li>Decks<\/li>\n\n\n\n<li>Promo cards<\/li>\n<\/ul>\n\n\n\n<p>We are continuously working on improving the information on the product pages.<br>Bitte informiere dich vorab \u00fcber die Inhalte und Einl\u00f6sungslimits.<\/p>\n<\/details>\n\n\n\n<details class=\"wp-block-details is-layout-flow wp-block-details-is-layout-flow\"><summary>Where do the codes come from?<\/summary>\n<p>Codes come from purchased collections. The codes are scanned and processed by us and <a href=\"https:\/\/codes4tcg.live\/en\/2024\/08\/16\/warum-unsere-codes-sicher-sind\/\" data-type=\"post\" data-id=\"1144\">destroyed<\/a>.<\/p>\n<\/details>\n\n\n\n<details class=\"wp-block-details is-layout-flow wp-block-details-is-layout-flow\"><summary>Codes do not work, what can I do?<\/summary>\n<p>Please contact our support at <a href=\"mailto:shop@codes4tcg.live\">shop@codes4tcg.live<\/a> um die Sache zu kl\u00e4ren. <\/p>\n<\/details>\n\n\n\n<p><\/p>","protected":false},"excerpt":{"rendered":"<p>Hier findest du eine Auswahl h\u00e4ufig gestellter Fragen und Antworten \u00fcber unseren Shop und das Pok\u00e9mon TCG Live (PTCGL).Sollte dir damit nicht geholfen sein, schreib uns bitte eine Nachricht an shop@codes4tcg.live.<\/p>","protected":false},"author":1,"featured_media":0,"parent":0,"menu_order":0,"comment_status":"closed","ping_status":"closed","template":"","meta":{"_acf_changed":false,"footnotes":""},"class_list":["post-507","page","type-page","status-publish","hentry"],"acf":[],"_links":{"self":[{"href":"https:\/\/codes4tcg.live\/en\/wp-json\/wp\/v2\/pages\/507","targetHints":{"allow":["GET"]}}],"collection":[{"href":"https:\/\/codes4tcg.live\/en\/wp-json\/wp\/v2\/pages"}],"about":[{"href":"https:\/\/codes4tcg.live\/en\/wp-json\/wp\/v2\/types\/page"}],"author":[{"embeddable":true,"href":"https:\/\/codes4tcg.live\/en\/wp-json\/wp\/v2\/users\/1"}],"replies":[{"embeddable":true,"href":"https:\/\/codes4tcg.live\/en\/wp-json\/wp\/v2\/comments?post=507"}],"version-history":[{"count":50,"href":"https:\/\/codes4tcg.live\/en\/wp-json\/wp\/v2\/pages\/507\/revisions"}],"predecessor-version":[{"id":2413,"href":"https:\/\/codes4tcg.live\/en\/wp-json\/wp\/v2\/pages\/507\/revisions\/2413"}],"wp:attachment":[{"href":"https:\/\/codes4tcg.live\/en\/wp-json\/wp\/v2\/media?parent=507"}],"curies":[{"name":"wp","href":"https:\/\/api.w.org\/{rel}","templated":true}]}}