{"id":886,"date":"2024-02-20T13:06:23","date_gmt":"2024-02-20T12:06:23","guid":{"rendered":"https:\/\/codes4tcg.live\/?page_id=886"},"modified":"2025-01-05T23:15:07","modified_gmt":"2025-01-05T22:15:07","slug":"mystery","status":"publish","type":"page","link":"https:\/\/codes4tcg.live\/en\/mystery\/","title":{"rendered":"Mystery Codes"},"content":{"rendered":"<h1 class=\"wp-block-heading has-text-align-center\">Mystery Codes<\/h1>\n\n\n\n<p class=\"has-text-align-center\">Mystery Codes werden zuf\u00e4llig aus einer Sammlung verschiedener Codes ausgew\u00e4hlt, die hier im Shop nicht einzeln gelistet sind.<br>Wir sparen es uns viele Produkte in kleiner St\u00fcckzahl zu listen und ihr bekommt eine tolle \u00dcberraschung zu einem Hammerpreis!<\/p>\n\n\n<div data-align-buttons=\"true\" data-block-name=\"woocommerce\/product-category\" data-categories=\"[79,80,82,81]\" data-columns=\"4\" data-orderby=\"price_desc\" data-rows=\"6\" data-stock-status=\"[&quot;&quot;,&quot;&quot;,&quot;&quot;,&quot;&quot;,&quot;&quot;,&quot;instock&quot;,&quot;onbackorder&quot;]\" class=\"wc-block-grid wp-block-product-category wp-block-woocommerce-product-category wc-block-product-category has-4-columns has-multiple-rows has-aligned-buttons mydeck\"><ul class=\"wc-block-grid__products\"><li class=\"wc-block-grid__product\"><span class=\"gtm4wp_productdata\" style=\"display:none; visibility:hidden;\" data-gtm4wp_product_data=\"{&quot;internal_id&quot;:906,&quot;item_id&quot;:906,&quot;item_name&quot;:&quot;Mystery ex\\\/V\\\/GX Promo Code&quot;,&quot;sku&quot;:906,&quot;price&quot;:0.12,&quot;stocklevel&quot;:5525,&quot;stockstatus&quot;:&quot;instock&quot;,&quot;google_business_vertical&quot;:&quot;retail&quot;,&quot;item_category&quot;:&quot;Mystery Premium Promo Code&quot;,&quot;id&quot;:906,&quot;productlink&quot;:&quot;https:\\\/\\\/codes4tcg.live\\\/en\\\/product\\\/mystery-premium-promo-code\\\/&quot;,&quot;item_list_name&quot;:&quot;General Product List&quot;,&quot;index&quot;:0,&quot;product_type&quot;:&quot;simple&quot;,&quot;item_brand&quot;:&quot;&quot;}\"><\/span>\n\t\t\t\t<a href=\"https:\/\/codes4tcg.live\/en\/product\/mystery-premium-promo-code\/\" class=\"wc-block-grid__product-link\">\n\t\t\t\t\t\n\t\t\t\t\t<div class=\"wc-block-grid__product-image\"><img decoding=\"async\" width=\"300\" height=\"500\" src=\"https:\/\/cdn.codes4tcg.live\/wp-content\/uploads\/2024\/02\/vpromo2-300x500.png\" class=\"attachment-woocommerce_thumbnail size-woocommerce_thumbnail\" alt=\"Mystery ex\/V\/GX Promo Code\" srcset=\"https:\/\/cdn.codes4tcg.live\/wp-content\/uploads\/2024\/02\/vpromo2-300x500.png 300w, https:\/\/cdn.codes4tcg.live\/wp-content\/uploads\/2024\/02\/vpromo2-180x300.png 180w, https:\/\/cdn.codes4tcg.live\/wp-content\/uploads\/2024\/02\/vpromo2.png 494w\" sizes=\"(max-width: 300px) 100vw, 300px\" \/><\/div>\n\t\t\t\t\t<div class=\"wc-block-grid__product-title\">Mystery ex\/V\/GX Promo Code<\/div>\n\t\t\t\t<\/a>\n\t\t\t\t<div class=\"wc-block-grid__product-price price\"><span class=\"woocommerce-Price-amount amount\"><span class=\"woocommerce-Price-currencySymbol\">&#036;<\/span>0.12<\/span><\/div>\n\t\t\t\t\n\t\t\t\t<div class=\"wp-block-button wc-block-grid__product-add-to-cart\"><a href=\"\/en\/wp-json\/wp\/v2\/pages\/886?add-to-cart=906\" aria-label=\"Add to basket: \u201cMystery ex\/V\/GX Promo Code\u201d\" data-quantity=\"1\" data-product_id=\"906\" data-product_sku=\"\" data-price=\"0.12\" rel=\"nofollow\" class=\"wp-block-button__link wp-element-button add_to_cart_button ajax_add_to_cart\" data-no-translation=\"\" data-trp-gettext=\"\" data-no-translation-aria-label=\"\">Add to basket<\/a><\/div>\n\t\t\t<\/li><li class=\"wc-block-grid__product\"><span class=\"gtm4wp_productdata\" style=\"display:none; visibility:hidden;\" data-gtm4wp_product_data=\"{&quot;internal_id&quot;:908,&quot;item_id&quot;:908,&quot;item_name&quot;:&quot;Mystery Promo Code&quot;,&quot;sku&quot;:908,&quot;price&quot;:0.02,&quot;stocklevel&quot;:4348,&quot;stockstatus&quot;:&quot;instock&quot;,&quot;google_business_vertical&quot;:&quot;retail&quot;,&quot;item_category&quot;:&quot;Mystery Promo Code&quot;,&quot;id&quot;:908,&quot;productlink&quot;:&quot;https:\\\/\\\/codes4tcg.live\\\/en\\\/product\\\/mystery-promo-code\\\/&quot;,&quot;item_list_name&quot;:&quot;General Product List&quot;,&quot;index&quot;:0,&quot;product_type&quot;:&quot;simple&quot;,&quot;item_brand&quot;:&quot;&quot;}\"><\/span>\n\t\t\t\t<a href=\"https:\/\/codes4tcg.live\/en\/product\/mystery-promo-code\/\" class=\"wc-block-grid__product-link\">\n\t\t\t\t\t\n\t\t\t\t\t<div class=\"wc-block-grid__product-image\"><img decoding=\"async\" width=\"300\" height=\"500\" src=\"https:\/\/cdn.codes4tcg.live\/wp-content\/uploads\/2024\/02\/stdpromo-300x500.png\" class=\"attachment-woocommerce_thumbnail size-woocommerce_thumbnail\" alt=\"Mystery Promo Code\" srcset=\"https:\/\/cdn.codes4tcg.live\/wp-content\/uploads\/2024\/02\/stdpromo-300x500.png 300w, https:\/\/cdn.codes4tcg.live\/wp-content\/uploads\/2024\/02\/stdpromo-180x300.png 180w, https:\/\/cdn.codes4tcg.live\/wp-content\/uploads\/2024\/02\/stdpromo.png 494w\" sizes=\"(max-width: 300px) 100vw, 300px\" \/><\/div>\n\t\t\t\t\t<div class=\"wc-block-grid__product-title\">Mystery Promo Code<\/div>\n\t\t\t\t<\/a>\n\t\t\t\t<div class=\"wc-block-grid__product-price price\"><span class=\"woocommerce-Price-amount amount\"><span class=\"woocommerce-Price-currencySymbol\">&#036;<\/span>0.02<\/span><\/div>\n\t\t\t\t\n\t\t\t\t<div class=\"wp-block-button wc-block-grid__product-add-to-cart\"><a href=\"\/en\/wp-json\/wp\/v2\/pages\/886?add-to-cart=908\" aria-label=\"Add to basket: \u201cMystery Promo Code\u201d\" data-quantity=\"1\" data-product_id=\"908\" data-product_sku=\"\" data-price=\"0.02\" rel=\"nofollow\" class=\"wp-block-button__link wp-element-button add_to_cart_button ajax_add_to_cart\" data-no-translation=\"\" data-trp-gettext=\"\" data-no-translation-aria-label=\"\">Add to basket<\/a><\/div>\n\t\t\t<\/li><\/ul><\/div>","protected":false},"excerpt":{"rendered":"<p>Mystery Codes Mystery Codes werden zuf\u00e4llig aus einer Sammlung verschiedener Codes ausgew\u00e4hlt, die hier im Shop nicht einzeln gelistet sind.Wir sparen es uns viele Produkte in kleiner St\u00fcckzahl zu listen und ihr bekommt eine tolle \u00dcberraschung zu einem Hammerpreis!<\/p>","protected":false},"author":1,"featured_media":0,"parent":0,"menu_order":0,"comment_status":"closed","ping_status":"closed","template":"","meta":{"_acf_changed":false,"footnotes":""},"class_list":["post-886","page","type-page","status-publish","hentry"],"acf":[],"_links":{"self":[{"href":"https:\/\/codes4tcg.live\/en\/wp-json\/wp\/v2\/pages\/886","targetHints":{"allow":["GET"]}}],"collection":[{"href":"https:\/\/codes4tcg.live\/en\/wp-json\/wp\/v2\/pages"}],"about":[{"href":"https:\/\/codes4tcg.live\/en\/wp-json\/wp\/v2\/types\/page"}],"author":[{"embeddable":true,"href":"https:\/\/codes4tcg.live\/en\/wp-json\/wp\/v2\/users\/1"}],"replies":[{"embeddable":true,"href":"https:\/\/codes4tcg.live\/en\/wp-json\/wp\/v2\/comments?post=886"}],"version-history":[{"count":24,"href":"https:\/\/codes4tcg.live\/en\/wp-json\/wp\/v2\/pages\/886\/revisions"}],"predecessor-version":[{"id":2491,"href":"https:\/\/codes4tcg.live\/en\/wp-json\/wp\/v2\/pages\/886\/revisions\/2491"}],"wp:attachment":[{"href":"https:\/\/codes4tcg.live\/en\/wp-json\/wp\/v2\/media?parent=886"}],"curies":[{"name":"wp","href":"https:\/\/api.w.org\/{rel}","templated":true}]}}