{"id":1460,"date":"2024-09-07T06:44:06","date_gmt":"2024-09-07T04:44:06","guid":{"rendered":"https:\/\/codes4tcg.live\/?post_type=product&#038;p=1460"},"modified":"2026-05-05T19:38:30","modified_gmt":"2026-05-05T17:38:30","slug":"master-set","status":"publish","type":"product","link":"https:\/\/codes4tcg.live\/en\/product\/master-set\/","title":{"rendered":"Master Set"},"content":{"rendered":"<p><strong>Achtung:<\/strong> Das Master Set muss manuell ausgeliefert werden. Bitte gib uns bis zu 24 Stunden die Codes in dein Kundenprofil zu verschieben. Du wirst anschlie\u00dfend \u00fcber den Abschluss deiner Bestellung informiert.<\/p>\n<p>Die warscheinlich gr\u00f6\u00dfte Sammlung unterschiedlicher PTCGL Codes, die man kaufen kann!<\/p>\n<p>Jedes Mal, wenn wir Codes im System hinzuf\u00fcgen, wird zuerst gepr\u00fcft ob das Produkt im Master Set schon enthalten ist. Wenn nicht, wird er zuerst dort abgelegt. So schaffen wir es, dieses einzigartige Produkt anbieten zu k\u00f6nnen.<\/p>\n<p><strong>556 unterschiedliche Code Produkte<\/strong> in einem Bundle!<\/p>\n<p>Schapp sie dir alle!<\/p>","protected":false},"excerpt":{"rendered":"<p>Achtung: Das Master Set muss manuell ausgeliefert werden. Bitte gib uns bis zu 24 Stunden die Codes in dein Kundenprofil zu verschieben. Du wirst anschlie\u00dfend \u00fcber den Abschluss deiner Bestellung informiert. Die warscheinlich gr\u00f6\u00dfte Sammlung unterschiedlicher PTCGL Codes, die man kaufen kann! Jedes Mal, wenn wir Codes im System hinzuf\u00fcgen, wird zuerst gepr\u00fcft ob das [&hellip;]<\/p>","protected":false},"featured_media":1647,"template":"","meta":{"_acf_changed":false},"product_brand":[],"product_cat":[25],"product_tag":[],"class_list":{"0":"post-1460","1":"product","2":"type-product","3":"status-publish","4":"has-post-thumbnail","6":"product_cat-set-sammlung","8":"first","9":"outofstock","10":"virtual","11":"taxable","12":"purchasable","13":"product-type-simple"},"acf":{"c4t_common_pokemon_product_linkname":"c4t_masterset","c4t_usd_price":"","c4t_bundles_products_list":"15 Trainer Points<br \/>2-Pack Blister Archaludon<br \/>2-Pack Blister Espathra<br \/>2-Pack Blister Pawmot<br \/>2023 World Championships Deck Accessories<br \/>Aegislash ex Box<br \/>Alakazam V<br \/>Alcremie<br \/>Alolan Exeggutor V<br \/>Alolan Raichu<br \/>Alolan Sandslash-GX<br \/>Annihilape ex Box<br \/>Arceus V<br \/>Arceus VSTAR Premium Collection<br \/>Arctibax<br \/>Armarouge ex Premium Collection<br \/>Battle Academy<br \/>Battle Academy Pikachu, Armarouge, Darkrai<br \/>Battle Academy Pikachu, Eevee, Cinderace<br \/>Black & White - Emerging Powers Booster Pack<br \/>Black & White - Plasma Storm Booster Pack<br \/>Black Kyurem ex Box<br \/>Blanche<br \/>Blastoise VMAX Battle Box<br \/>Bloodmoon Ursaluna ex Box<br \/>Boltund V<br \/>Boltund V Box<br \/>Bulbasaur<br \/>Bunnelby<br \/>Candela<br \/>Celebrations Booster Pack<br \/>Celebrations Collection - Dragapult Prime<br \/>Celebrations Collector Chest<br \/>Celebrations Elite Trainer Box<br \/>Celebrations Premium Collection - Pikachu VMAX<br \/>Celebrations Special Collection - Pikachu V-UNION<br \/>Celebrations Ultra-Premium Collection<br \/>Centiskorch<br \/>Cetitan<br \/>Champion's Path Booster Pack<br \/>Champion's Path Elite Trainer Box<br \/>Champion's Path Gym Box - Circhester<br \/>Champion's Path Gym Box - Stow-on-Side<br \/>Champion's Path Premium Collection - Marnie<br \/>Charizard ex<br \/>Charizard ex Premium Collection<br \/>Charizard ex Special Collection<br \/>Charizard ex Super-Premium Collection<br \/>Charizard Ultra-Premium Collection<br \/>Charizard-GX<br \/>Charmander<br \/>Cinderace<br \/>Cinderace V<br \/>Cleffa<br \/>Copperajah V<br \/>Cramorant V<br \/>Crown Zenith Booster Pack<br \/>Crown Zenith Elite Trainer Box<br \/>Crown Zenith Premium Collection - Morpeko V-UNION<br \/>Crown Zenith Premium Collection - Shiny Zacian<br \/>Crown Zenith Premium Collection - Shiny Zamazenta<br \/>Crown Zenith Special Collection - Unown V & Lugia V<br \/>Cyclizar<br \/>Cyclizar ex Box<br \/>Cynthia's Garchomp ex Premium Collection<br \/>Cynthias Garchomp ex Premium Collection<br \/>Cyrus Premium Tournament Collection<br \/>Dark Sylveon V<br \/>Decidueye ex Box<br \/>Dedenne<br \/>Deoxys VMAX & VSTAR Battle Box<br \/>Detective Pikachu Booster Pack<br \/>Dialga ex<br \/>Dragon Majesty Booster Pack<br \/>Dragon Majesty Premium Powers Collection<br \/>Dragonite V<br \/>Dragonite VSTAR Collection<br \/>Dragonite-EX & Pidgeot-EX Kanto Power Collection<br \/>Drednaw<br \/>Dubwool V<br \/>Duraludon<br \/>Dusk Mane Necrozma-GX<br \/>Eevee & Snorlax-GX<br \/>Eevee V<br \/>Eldegoss<br \/>Eldegoss V<br \/>Empoleon V<br \/>Enhanced 2-Pack Blister Armarouge, Revavroom, Houndstone<br \/>Enhanced 2-Pack Blister Articuno, Zapdos, Moltres<br \/>Enhanced 2-Pack Blister Galarian Articuno, Galarian Zapdos, and Galarian Moltres<br \/>Enhanced 2-Pack Blister Latios, Zekrom, Palkia<br \/>Enhanced 2-Pack Blister Okidogi, Munkidori, Fezandipiti<br \/>Enhanced 2-Pack Blister Palafin, Baxcalibur, Garganacl<br \/>Espeon V<br \/>Eternatus V<br \/>Eternatus VMAX Premium Collection<br \/>Evolving Powers Premium Collection<br \/>Fall 2020 Collector Chest<br \/>Fall 2023 Collector Chest<br \/>Fall 2024 Collector Chest<br \/>Fidough<br \/>First Partner Illustration Collection Booster - Series 1<br \/>Flareon V<br \/>Flareon VMAX Premium Collection<br \/>Flareon-GX<br \/>Fuecoco Paldea Collection<br \/>Galarian Articuno<br \/>Galarian Moltres<br \/>Galarian Mr. Rime<br \/>Galarian Obstagoon<br \/>Galarian Rapidash V<br \/>Galarian Sirfetch'd V<br \/>Galarian Slowbro V<br \/>Galarian Slowking, Galarian Obstagoon & Dragapult Knock Out Collection<br \/>Galarian Zapdos<br \/>Gallade V<br \/>Gengar-EX<br \/>Giratina V<br \/>Glaceon<br \/>Glaceon VSTAR Special Collection<br \/>Gothitelle<br \/>Gouging Fire ex<br \/>Grafaiai ex Box<br \/>Great Tusk ex<br \/>Greavard<br \/>Greninja V-UNION Special Collection<br \/>Grookey Galar Collection<br \/>Guzzlord-GX<br \/>Gyarados ex Premium Collection<br \/>Gyarados-GX<br \/>Hatterene V<br \/>Hidden Fates Booster Pack<br \/>Hidden Fates Elite Trainer Box<br \/>Hisuian Decidueye V<br \/>Hisuian Electrode V Box<br \/>Hisuian Samurott V<br \/>Hisuian Typhlosion V<br \/>Hisuian Zoroark VSTAR Premium Collection<br \/>Ho-Oh-GX<br \/>Holiday Calendar 2022<br \/>Holiday Calendar 2023<br \/>Holiday Calendar 2024<br \/>Holiday Calendar 2025<br \/>Hoopa V<br \/>Hop's Zacian ex Box<br \/>Hops Zacian ex Box<br \/>Houndstone ex Box<br \/>Ice Rider Calyrex V<br \/>Infernape V Box<br \/>Inteleon<br \/>Inteleon V<br \/>Iono Premium Tournament Collection<br \/>Iono's Bellibolt ex Premium Collection<br \/>Ionos Bellibolt ex Premium Collection<br \/>Iron Boulder ex<br \/>Iron Crown ex<br \/>Iron Leaves ex<br \/>Iron Treads ex<br \/>Iron Valiant ex Box<br \/>Jirachi V Box<br \/>Jolteon V<br \/>Jolteon VMAX Premium Collection<br \/>Kangaskhan<br \/>Kingdra-EX<br \/>Klara Premium Tournament Collection<br \/>Kleavor VSTAR Premium Collection<br \/>Kommo-o-GX<br \/>Koraidon ex<br \/>Kyogre ex<br \/>Kyurem V Box<br \/>Lance's Charizard V<br \/>Latias<br \/>Latias ex<br \/>Leafeon<br \/>Leafeon VSTAR Special Collection<br \/>Legends of Unova GX Premium Collection<br \/>Lillie Premium Tournament Collection<br \/>Lucario & Melmetal-GX<br \/>Lucario V<br \/>Lucario VSTAR Premium Collection<br \/>Lunala-GX<br \/>Lycanroc ex Box<br \/>Mabosstiff ex Box<br \/>Marnie Premium Tournament Collection<br \/>Marshadow<br \/>Marshadow-GX<br \/>Maschiff<br \/>Mega Charizard X ex Ultra-Premium Collection<br \/>Mega Evolution - Ascended Heroes Booster Pack<br \/>Mega Evolution - Ascended Heroes Elite Trainer Box Mega Dragonite<br \/>Mega Evolution - Ascended Heroes Premium Collection Mega Gardevoir<br \/>Mega Evolution - Ascended Heroes Premium Collection Mega Lucario<br \/>Mega Evolution - Perfect Order Booster Pack<br \/>Mega Evolution - Perfect Order Build & Battle Box Premium Code Redemption Reward<br \/>Mega Evolution - Perfect Order Elite Trainer Box Mega Zygarde<br \/>Mega Evolution - Phantasmal Flames Booster Pack<br \/>Mega Evolution - Phantasmal Flames Build & Battle Box Premium Code Redemption Reward<br \/>Mega Evolution - Phantasmal Flames Elite Trainer Box Mega Charizard X<br \/>Mega Evolution Booster Pack<br \/>Mega Evolution Build & Battle Box Premium Code Redemption Reward<br \/>Mega Evolution Elite Trainer Box Mega Gardevoir Premium Code Redemption Reward<br \/>Mega Evolution Elite Trainer Box Mega Lucario Premium Code Redemption Reward<br \/>Mega Lucario ex Collection Premium Code Redemption Reward<br \/>Meowscarada ex<br \/>Meowth VMAX Special Collection<br \/>Mew V<br \/>Mew V Box<br \/>Mewtwo & Mew-GX<br \/>Mewtwo V-UNION Special Collection<br \/>Mewtwo-EX<br \/>Mewtwo-EX & Slowbro-EX Kanto Power Collection<br \/>Mimikyu<br \/>Mimikyu ex Box<br \/>Miraidon ex<br \/>Morpeko<br \/>Morpeko V-UNION Special Collection<br \/>Mythical Premium Collection<br \/>Necrozma-GX<br \/>Ogerpon ex Premium Collection<br \/>Oinkologne ex Box<br \/>Orbeetle V<br \/>Origin Forme Dialga VSTAR Premium Collection<br \/>Origin Forme Palkia VSTAR Premium Collection<br \/>Palafin ex Box<br \/>Paldea Adventure Chest<br \/>Paradox Powers ex Special Collection<br \/>Paradox Wisdom Premium Collection<br \/>Pecharunt<br \/>Pikachu<br \/>Pikachu & Eevee Pok\u00e9 Ball Collection<br \/>Pikachu & Zekrom-GX<br \/>Pikachu V<br \/>Pikachu V Box<br \/>Pikachu VMAX Crown Zenith Special Collection<br \/>Pikachu-GX & Eevee-GX Special Collection<br \/>Play! Pok\u00e9mon Prize Pack Series 1<br \/>Play! Pok\u00e9mon Prize Pack Series 2<br \/>Play! Pok\u00e9mon Prize Pack Series 3<br \/>Play! Pok\u00e9mon Prize Pack Series 4<br \/>Play! Pok\u00e9mon Prize Pack Series 5<br \/>Play! Pok\u00e9mon Prize Pack Series 6<br \/>Play! Pok\u00e9mon Prize Pack Series 7<br \/>Play! Pok\u00e9mon Prize Pack Series 8<br \/>Pok\u00e9mon GO Collection Blissey<br \/>Pok\u00e9mon GO Collection Pikachu<br \/>Pok\u00e9mon GO Collection Snorlax<br \/>Pok\u00e9mon GO Elite Trainer Box<br \/>Pok\u00e9mon TCG Pok\u00e9mon GO Booster Pack<br \/>Polteageist<br \/>Polteageist V<br \/>Porygon-Z-GX<br \/>Professor Juniper Premium Tournament Collection<br \/>Quagsire<br \/>Quaquaval ex<br \/>Quaxly Paldea Collection<br \/>Radiant Eevee<br \/>Raging Bolt ex<br \/>Raichu-GX<br \/>Rapid Strike Urshifu V Box<br \/>Regidrago V Collection<br \/>Regieleki V Collection<br \/>Reshiram & Charizard-GX<br \/>Reuniclus<br \/>Revavroom<br \/>Rillaboom<br \/>Rillaboom V<br \/>Roaring Moon ex Box<br \/>Rotom V<br \/>Scarlet & Violet - 151 Alakazam ex Collection<br \/>Scarlet & Violet - 151 Booster Pack<br \/>Scarlet & Violet - 151 Elite Trainer Box Snorlax<br \/>Scarlet & Violet - 151 Poster Collection<br \/>Scarlet & Violet - 151 Ultra-Premium Collection<br \/>Scarlet & Violet - 151 Zapdos ex Collection<br \/>Scarlet & Violet - Black Bolt Booster Pack<br \/>Scarlet & Violet - Black Bolt Elite Trainer Box<br \/>Scarlet & Violet - Destined Rivals Blister Eevee<br \/>Scarlet & Violet - Destined Rivals Blister Skeledirge<br \/>Scarlet & Violet - Destined Rivals Blister Togekiss<br \/>Scarlet & Violet - Destined Rivals Blister Zarude<br \/>Scarlet & Violet - Destined Rivals Booster Pack<br \/>Scarlet & Violet - Destined Rivals Build & Battle Box<br \/>Scarlet & Violet - Destined Rivals Elite Trainer Box<br \/>Scarlet & Violet - Journey Together Blister Klinklang<br \/>Scarlet & Violet - Journey Together Booster Pack<br \/>Scarlet & Violet - Journey Together Build & Battle Box<br \/>Scarlet & Violet - Journey Together Elite Trainer Box<br \/>Scarlet & Violet - Obsidian Flames Blister Annihilape<br \/>Scarlet & Violet - Obsidian Flames Blister Eevee<br \/>Scarlet & Violet - Obsidian Flames Blister Houndstone<br \/>Scarlet & Violet - Obsidian Flames Blister Kingambit<br \/>Scarlet & Violet - Obsidian Flames Blister Paldean Wooper<br \/>Scarlet & Violet - Obsidian Flames Blister Pawmi<br \/>Scarlet & Violet - Obsidian Flames Booster Pack<br \/>Scarlet & Violet - Obsidian Flames Build & Battle Box<br \/>Scarlet & Violet - Obsidian Flames Elite Trainer Box<br \/>Scarlet & Violet - Paldea Evolved Blister Growlithe<br \/>Scarlet & Violet - Paldea Evolved Blister Smoliv<br \/>Scarlet & Violet - Paldea Evolved Blister Tinkatink<br \/>Scarlet & Violet - Paldea Evolved Blister Varoom<br \/>Scarlet & Violet - Paldea Evolved Booster Pack<br \/>Scarlet & Violet - Paldea Evolved Build & Battle Box<br \/>Scarlet & Violet - Paldea Evolved Elite Trainer Box<br \/>Scarlet & Violet - Paldean Fates Booster Pack<br \/>Scarlet & Violet - Paldean Fates Elite Trainer Box Mimikyu<br \/>Scarlet & Violet - Paldean Fates Premium Collection Meowscarada ex<br \/>Scarlet & Violet - Paldean Fates Premium Collection Quaquaval ex<br \/>Scarlet & Violet - Paldean Fates Premium Collection Skeledirge ex<br \/>Scarlet & Violet - Paradox Rift Blister Hydreigon<br \/>Scarlet & Violet - Paradox Rift Blister Pineco<br \/>Scarlet & Violet - Paradox Rift Blister Sinistea<br \/>Scarlet & Violet - Paradox Rift Blister Tinkaton<br \/>Scarlet & Violet - Paradox Rift Booster Pack<br \/>Scarlet & Violet - Paradox Rift Build & Battle Box<br \/>Scarlet & Violet - Paradox Rift Elite Trainer Box Iron Valiant<br \/>Scarlet & Violet - Paradox Rift Elite Trainer Box Roaring Moon<br \/>Scarlet & Violet - Prismatic Evolutions Booster Pack<br \/>Scarlet & Violet - Prismatic Evolutions Elite Trainer Box<br \/>Scarlet & Violet - Prismatic Evolutions Poster Collection<br \/>Scarlet & Violet - Prismatic Evolutions Premium Collection<br \/>Scarlet & Violet - Prismatic Evolutions Super-Premium Collection<br \/>Scarlet & Violet - Prismatic Evolutions Surprise Box<br \/>Scarlet & Violet - Shrouded Fable Booster Pack<br \/>Scarlet & Violet - Shrouded Fable Elite Trainer Box Loyal Three<br \/>Scarlet & Violet - Shrouded Fable Greninja ex Special Illustration Collection<br \/>Scarlet & Violet - Shrouded Fable Kingambit Illustration Collection<br \/>Scarlet & Violet - Shrouded Fable Kingdra ex Special Illustration Collection<br \/>Scarlet & Violet - Stellar Crown Blister Roaring Moon<br \/>Scarlet & Violet - Stellar Crown Booster Pack<br \/>Scarlet & Violet - Stellar Crown Build & Battle Box<br \/>Scarlet & Violet - Stellar Crown Elite Trainer Box Terapagos<br \/>Scarlet & Violet - Surging Sparks Booster Pack<br \/>Scarlet & Violet - Surging Sparks Build & Battle Box<br \/>Scarlet & Violet - Surging Sparks Elite Trainer Box<br \/>Scarlet & Violet - Temporal Forces Booster Pack<br \/>Scarlet & Violet - Temporal Forces Build & Battle Box<br \/>Scarlet & Violet - Temporal Forces Elite Trainer Box Iron Leaves<br \/>Scarlet & Violet - Temporal Forces Elite Trainer Box Walking Wake<br \/>Scarlet & Violet - Twilight Masquerade Booster Pack<br \/>Scarlet & Violet - Twilight Masquerade Build & Battle Box<br \/>Scarlet & Violet - Twilight Masquerade Elite Trainer Box Teal Mask Ogerpon<br \/>Scarlet & Violet - White Flare Booster Pack<br \/>Scarlet & Violet - White Flare Elite Trainer Box<br \/>Scarlet & Violet Blister Arcanine<br \/>Scarlet & Violet Blister Dondozo<br \/>Scarlet & Violet Blister Espathra<br \/>Scarlet & Violet Blister Gengar<br \/>Scarlet & Violet Blister Machamp<br \/>Scarlet & Violet Blister Spidops<br \/>Scarlet & Violet Booster Pack<br \/>Scarlet & Violet Build & Battle Box<br \/>Scarlet & Violet Elite Trainer Box Koraidon<br \/>Scarlet & Violet Elite Trainer Box Miraidon<br \/>Scizor-EX<br \/>Scorbunny Galar Collection<br \/>Scrafty<br \/>Shadow Rider Calyrex V<br \/>Shaymin VSTAR Premium Collection<br \/>Shaymin, Zeraora & Marshadow Knock Out Collection<br \/>Shining Fates Booster Pack<br \/>Shining Fates Elite Trainer Box Eevee<br \/>Shining Fates Premium Collection - Shiny Crobat VMAX<br \/>Shining Fates Premium Collection - Shiny Dragapult VMAX<br \/>Shining Legends Booster Pack<br \/>Shining Legends Collector Chest<br \/>Shining Legends Elite Trainer Box<br \/>Shining Legends Special Collection - Raichu-GX<br \/>Silvally<br \/>Single Strike Urshifu V Box<br \/>Single Strike Urshifu VMAX Premium Collection<br \/>Skeledirge ex<br \/>smbsp_136 (loc missing)<br \/>Snorlax<br \/>Sobble Galar Collection<br \/>Solgaleo-GX<br \/>Spark<br \/>Sprigatito Paldea Collection<br \/>Spring 2020 Collector Chest<br \/>Spring 2021 Collector Chest<br \/>Spring 2022 Collector Chest<br \/>Squirtle<br \/>Summer 2023 Collector Chest<br \/>Summer 2024 Collector Chest<br \/>Sun & Moon - Burning Shadows 2-Pack Blister Alolan Pok\u00e9mon<br \/>Sun & Moon - Burning Shadows Booster Pack<br \/>Sun & Moon - Celestial Storm Booster Pack<br \/>Sun & Moon - Celestial Storm Elite Trainer Box Rayquaza<br \/>Sun & Moon - Cosmic Eclipse 3-Pack Blister Celebi<br \/>Sun & Moon - Cosmic Eclipse Booster Pack<br \/>Sun & Moon - Crimson Invasion Booster Pack<br \/>Sun & Moon - Forbidden Light 3-Pack Blister Garbodor<br \/>Sun & Moon - Forbidden Light 3-Pack Blister Regigigas<br \/>Sun & Moon - Forbidden Light Booster Pack<br \/>Sun & Moon - Guardians Rising 3-Pack Blister Vikavolt<br \/>Sun & Moon - Guardians Rising Booster Pack<br \/>Sun & Moon - Lost Thunder Booster Pack<br \/>Sun & Moon - Lost Thunder Build & Battle Box<br \/>Sun & Moon - Team Up Booster Pack<br \/>Sun & Moon - Team Up Build & Battle Box<br \/>Sun & Moon - Team Up Elite Trainer Box Pikachu & Zekrom<br \/>Sun & Moon - Ultra Prism 3-Pack Blister Alolan Vulpix<br \/>Sun & Moon - Ultra Prism 3-Pack Blister Porygon-Z<br \/>Sun & Moon - Ultra Prism Booster Pack<br \/>Sun & Moon - Ultra Prism Elite Trainer Box Dusk Mane Necrozma<br \/>Sun & Moon - Unbroken Bonds 3-Pack Blister Typhlosion<br \/>Sun & Moon - Unbroken Bonds Booster Pack<br \/>Sun & Moon - Unbroken Bonds Elite Trainer Box Reshiram & Charizard<br \/>Sun & Moon - Unified Minds Booster Pack<br \/>Sun & Moon 3-Pack Blister Togedemaru<br \/>Sun & Moon Booster Pack<br \/>Sun & Moon Elite Trainer Box Lunala<br \/>Sword & Shield - Astral Radiance 3-Pack Blister Eevee<br \/>Sword & Shield - Astral Radiance 3-Pack Blister Oricorio<br \/>Sword & Shield - Astral Radiance 3-Pack Blister Sylveon<br \/>Sword & Shield - Astral Radiance 3-Pack Blister Toxel<br \/>Sword & Shield - Astral Radiance Booster Pack<br \/>Sword & Shield - Astral Radiance Build & Battle Box<br \/>Sword & Shield - Astral Radiance Elite Trainer Box Darkrai<br \/>Sword & Shield - Battle Styles 3-Pack Blister Eevee<br \/>Sword & Shield - Battle Styles 3-Pack Blister Jolteon<br \/>Sword & Shield - Battle Styles Booster Pack<br \/>Sword & Shield - Battle Styles Elite Trainer Box Rapid Strike Urshifu<br \/>Sword & Shield - Battle Styles Elite Trainer Box Single Strike Urshifu<br \/>Sword & Shield - Battle Styles Premium Checklane Blister Corviknight<br \/>Sword & Shield - Battle Styles Premium Checklane Blister Tyranitar<br \/>Sword & Shield - Brilliant Stars 3-Pack Blister Glaceon<br \/>Sword & Shield - Brilliant Stars 3-Pack Blister Leafeon<br \/>Sword & Shield - Brilliant Stars Booster Pack<br \/>Sword & Shield - Brilliant Stars Build & Battle Box<br \/>Sword & Shield - Brilliant Stars Checklane Blister Eevee<br \/>Sword & Shield - Brilliant Stars Checklane Blister Flapple<br \/>Sword & Shield - Brilliant Stars Elite Trainer Box Arceus<br \/>Sword & Shield - Chilling Reign 3-Pack Blister Eevee<br \/>Sword & Shield - Chilling Reign 3-Pack Blister Snorlax<br \/>Sword & Shield - Chilling Reign Booster Pack<br \/>Sword & Shield - Chilling Reign Checklane Blister Morpeko<br \/>Sword & Shield - Chilling Reign Checklane Blister Phanpy<br \/>Sword & Shield - Chilling Reign Elite Trainer Box Ice Rider Calyrex<br \/>Sword & Shield - Chilling Reign Elite Trainer Box Shadow Rider Calyrex<br \/>Sword & Shield - Darkness Ablaze 3-Pack Blister Flareon<br \/>Sword & Shield - Darkness Ablaze Booster Pack<br \/>Sword & Shield - Darkness Ablaze Build & Battle Box<br \/>Sword & Shield - Darkness Ablaze Checklane Blister Pikachu<br \/>Sword & Shield - Evolving Skies 3-Pack Blister Eiscue<br \/>Sword & Shield - Evolving Skies 3-Pack Blister Umbreon<br \/>Sword & Shield - Evolving Skies Booster Pack<br \/>Sword & Shield - Evolving Skies Build & Battle Box<br \/>Sword & Shield - Evolving Skies Checklane Blister Eevee<br \/>Sword & Shield - Evolving Skies Checklane Blister Galarian Slowpoke<br \/>Sword & Shield - Evolving Skies Elite Trainer Box Sylveon & Friends<br \/>Sword & Shield - Evolving Skies Elite Trainer Box Umbreon & Friends<br \/>Sword & Shield - Evolving Skies Premium Checklane Blister Emboar<br \/>Sword & Shield - Evolving Skies Premium Checklane Blister Luxray<br \/>Sword & Shield - Fusion Strike 3-Pack Blister Eevee<br \/>Sword & Shield - Fusion Strike 3-Pack Blister Espeon<br \/>Sword & Shield - Fusion Strike Booster Pack<br \/>Sword & Shield - Fusion Strike Build & Battle Box<br \/>Sword & Shield - Fusion Strike Checklane Blister Blitzle<br \/>Sword & Shield - Fusion Strike Checklane Blister Tepig<br \/>Sword & Shield - Fusion Strike Elite Trainer Box Mew<br \/>Sword & Shield - Fusion Strike Premium Checklane Blister Cinderace<br \/>Sword & Shield - Fusion Strike Premium Checklane Blister Rillaboom<br \/>Sword & Shield - Lost Origin 3-Pack Blister Croagunk<br \/>Sword & Shield - Lost Origin 3-Pack Blister Scorbunny<br \/>Sword & Shield - Lost Origin 4-Pack Blister Regigigas<br \/>Sword & Shield - Lost Origin 4-Pack Blister Weavile<br \/>Sword & Shield - Lost Origin Booster Pack<br \/>Sword & Shield - Lost Origin Build & Battle Box<br \/>Sword & Shield - Lost Origin Elite Trainer Box Origin Forme Giratina<br \/>Sword & Shield - Lost Origin Premium Checklane Blister Infernape<br \/>Sword & Shield - Lost Origin Premium Checklane Blister Torterra<br \/>Sword & Shield - Rebel Clash 3-Pack Blister Duraludon<br \/>Sword & Shield - Rebel Clash 3-Pack Blister Rayquaza<br \/>Sword & Shield - Rebel Clash Booster Pack<br \/>Sword & Shield - Rebel Clash Checklane Blister Noctowl<br \/>Sword & Shield - Silver Tempest 3-Pack Blister Cranidos<br \/>Sword & Shield - Silver Tempest 3-Pack Blister Hisuian Basculin<br \/>Sword & Shield - Silver Tempest 4-Pack Blister Manaphy<br \/>Sword & Shield - Silver Tempest 4-Pack Blister Togetic<br \/>Sword & Shield - Silver Tempest Booster Pack<br \/>Sword & Shield - Silver Tempest Build & Battle Box<br \/>Sword & Shield - Silver Tempest Elite Trainer Box<br \/>Sword & Shield - Silver Tempest Premium Checklane Blister Gallade<br \/>Sword & Shield - Silver Tempest Premium Checklane Blister Magnezone<br \/>Sword & Shield - Vivid Voltage 3-Pack Blister Sobble<br \/>Sword & Shield - Vivid Voltage 3-Pack Blister Vaporeon<br \/>Sword & Shield - Vivid Voltage Booster Pack<br \/>Sword & Shield - Vivid Voltage Build & Battle Box<br \/>Sword & Shield - Vivid Voltage Checklane Blister Chandelure<br \/>Sword & Shield - Vivid Voltage Checklane Blister Grookey<br \/>Sword & Shield - Vivid Voltage Checklane Blister Luxray<br \/>Sword & Shield - Vivid Voltage Checklane Blister Scorbunny<br \/>Sword & Shield - Vivid Voltage Elite Trainer Box<br \/>Sword & Shield 3-Pack Blister Galarian Ponyta<br \/>Sword & Shield 3-Pack Blister Morpeko<br \/>Sword & Shield Booster Pack<br \/>Sword & Shield Elite Trainer Box Plus Zacian<br \/>Sword & Shield Elite Trainer Box Plus Zamazenta<br \/>Sword & Shield Enhanced Blister Landorus, Thundurus & Tornadus<br \/>swsh3_ebt_eternatus (loc missing)<br \/>swshbsp_176 (loc missing)<br \/>Sylveon<br \/>Sylveon V<br \/>Sylveon-GX<br \/>Tapu Bulu-GX<br \/>Tapu Koko<br \/>Team Rocket's Mewtwo ex<br \/>Team Rocket's Mewtwo ex Box<br \/>Team Rocket's Nidoking ex<br \/>Team Rocket's Persian ex<br \/>Team Rockets Mewtwo ex<br \/>Team Rockets Mewtwo ex Box<br \/>Team Rockets Nidoking ex<br \/>Team Rockets Persian ex<br \/>Terapagos ex Ultra-Premium Collection<br \/>This code will be active in 6 days.<br \/>Tinkaton<br \/>Toxtricity V<br \/>Trainer's Toolkit 2020<br \/>Trainer's Toolkit 2021<br \/>Trainer's Toolkit 2022<br \/>Trainer's Toolkit 2023<br \/>Trainer's Toolkit 2024<br \/>Tsareena-GX<br \/>Tyranitar V<br \/>Umbreon V<br \/>Unova Poster Collection<br \/>Unova Victini Illustration Collection<br \/>Vaporeon V<br \/>Vaporeon VMAX Premium Collection<br \/>Vaporeon-EX<br \/>Venusaur VMAX Battle Box<br \/>Virizion V Box<br \/>Walking Wake ex<br \/>Xerneas ex<br \/>XY - BREAKpoint Booster Pack<br \/>XY - BREAKthrough Booster Pack<br \/>XY - Evolutions Booster Pack<br \/>XY - Evolutions Elite Trainer Box Mega Blastoise<br \/>XY - Evolutions Elite Trainer Box Mega Charizard Y<br \/>XY - Fates Collide Booster Pack<br \/>XY - Phantom Forces Booster Pack<br \/>XY - Primal Clash Booster Pack<br \/>XY - Roaring Skies Booster Pack<br \/>XY - Steam Siege Booster Pack<br \/>Yanmega<br \/>Zacian<br \/>Zacian ex<br \/>Zacian V<br \/>Zacian V-UNION Special Collection<br \/>Zamazenta<br \/>Zamazenta V<br \/>Zapdos<br \/>Zebstrika<br \/>Zeraora VMAX & VSTAR Battle Box<br \/>Zoroark","c4t_bundles_products_diff":556,"c4t_bundles_products_total":556},"_links":{"self":[{"href":"https:\/\/codes4tcg.live\/en\/wp-json\/wp\/v2\/product\/1460","targetHints":{"allow":["GET"]}}],"collection":[{"href":"https:\/\/codes4tcg.live\/en\/wp-json\/wp\/v2\/product"}],"about":[{"href":"https:\/\/codes4tcg.live\/en\/wp-json\/wp\/v2\/types\/product"}],"wp:featuredmedia":[{"embeddable":true,"href":"https:\/\/codes4tcg.live\/en\/wp-json\/wp\/v2\/media\/1647"}],"wp:attachment":[{"href":"https:\/\/codes4tcg.live\/en\/wp-json\/wp\/v2\/media?parent=1460"}],"wp:term":[{"taxonomy":"product_brand","embeddable":true,"href":"https:\/\/codes4tcg.live\/en\/wp-json\/wp\/v2\/product_brand?post=1460"},{"taxonomy":"product_cat","embeddable":true,"href":"https:\/\/codes4tcg.live\/en\/wp-json\/wp\/v2\/product_cat?post=1460"},{"taxonomy":"product_tag","embeddable":true,"href":"https:\/\/codes4tcg.live\/en\/wp-json\/wp\/v2\/product_tag?post=1460"}],"curies":[{"name":"wp","href":"https:\/\/api.w.org\/{rel}","templated":true}]}}