{"id":908,"date":"1990-02-20T21:02:14","date_gmt":"1990-02-20T20:02:14","guid":{"rendered":"https:\/\/codes4tcg.live\/?post_type=product&#038;p=908"},"modified":"2026-04-19T20:57:55","modified_gmt":"2026-04-19T18:57:55","slug":"mystery-promo-code","status":"publish","type":"product","link":"https:\/\/codes4tcg.live\/en\/product\/mystery-promo-code\/","title":{"rendered":"Mystery Promo Code"},"content":{"rendered":"<p>Kleine \u00dcberraschung gef\u00e4llig?<\/p>","protected":false},"excerpt":{"rendered":"<p>Kleine \u00dcberraschung gef\u00e4llig?<\/p>","protected":false},"featured_media":1065,"template":"","meta":{"_acf_changed":false},"product_brand":[],"product_cat":[78,81,120,46],"product_tag":[],"class_list":{"0":"post-908","1":"product","2":"type-product","3":"status-publish","4":"has-post-thumbnail","6":"product_cat-mystery-code","7":"product_cat-mystery-promo-code","8":"product_cat-non-ex-promo","9":"product_cat-promo-code","11":"first","12":"instock","13":"virtual","14":"taxable","15":"purchasable","16":"product-type-simple"},"acf":{"c4t_common_pokemon_product_linkname":"Zapdos;;;Mimikyu;;;Inteleon;;;Rillaboom;;;Cinderace;;;Radiant Eevee;;;Arctibax;;;Alcremie;;;Cetitan;;;Duraludon;;;Galarian Obstagoon;;;Zacian;;;Squirtle;;;Bulbasaur;;;Charmander;;;Maschiff;;;Eldegoss;;;Centiskorch;;;Drednaw;;;Fidough;;;Spark;;;Scarlet & Violet Blister Dondozo;;;Scarlet & Violet Blister Arcanine;;;Scarlet & Violet - Obsidian Flames Blister Houndstone;;;Scarlet & Violet - Paldea Evolved Blister Tinkatink;;;Scarlet & Violet - Obsidian Flames Blister Eevee;;;Scarlet & Violet - Paldea Evolved Blister Varoom;;;Sword & Shield - Silver Tempest 4-Pack Blister Manaphy;;;Sword & Shield - Astral Radiance 3-Pack Blister Sylveon;;;Sword & Shield - Brilliant Stars 3-Pack Blister Glaceon;;;Sword & Shield - Brilliant Stars 3-Pack Blister Leafeon;;;Sword & Shield - Evolving Skies 3-Pack Blister Umbreon;;;Sword & Shield - Lost Origin 4-Pack Blister Regigigas;;;Sword & Shield - Lost Origin 4-Pack Blister Weavile;;;Sword & Shield - Silver Tempest 4-Pack Blister Togetic;;;Enhanced 2-Pack Blister Galarian Articuno, Galarian Zapdos, and Galarian Moltres;;;Scarlet & Violet Blister Spidops;;;Sword & Shield - Evolving Skies 3-Pack Blister Eiscue;;;Sword & Shield - Fusion Strike 3-Pack Blister Eevee;;;Enhanced 2-Pack Blister Articuno, Zapdos, Moltres;;;Pok\u00e9mon GO Collection Blissey;;;Pok\u00e9mon GO Collection Pikachu;;;Pok\u00e9mon GO Collection Snorlax;;;Fuecoco Paldea Collection;;;Sprigatito Paldea Collection;;;Celebrations Collection - Dragapult Prime;;;Snorlax;;;Cyclizar;;;Sword & Shield - Astral Radiance 3-Pack Blister Eevee;;;Sword & Shield - Lost Origin 3-Pack Blister Croagunk;;;Sword & Shield - Vivid Voltage 3-Pack Blister Sobble;;;Sword & Shield - Fusion Strike 3-Pack Blister Espeon;;;Scarlet & Violet Blister Espathra;;;Sword & Shield - Chilling Reign 3-Pack Blister Eevee;;;Sword & Shield - Chilling Reign 3-Pack Blister Snorlax;;;Sun & Moon - Ultra Prism 3-Pack Blister Porygon-Z;;;2-Pack Blister Pawmot;;;Enhanced 2-Pack Blister Armarouge, Revavroom, Houndstone;;;Sword & Shield - Fusion Strike Checklane Blister Tepig;;;Revavroom;;;Cleffa;;;Greavard;;;Bunnelby;;;Pecharunt;;;Dedenne;;;Galarian Mr. Rime;;;Polteageist;;;Sword & Shield 3-Pack Blister Morpeko;;;Sword & Shield 3-Pack Blister Galarian Ponyta;;;Sword & Shield - Silver Tempest 3-Pack Blister Hisuian Basculin;;;Sword & Shield - Rebel Clash 3-Pack Blister Rayquaza;;;Sword & Shield - Lost Origin Premium Checklane Blister Infernape;;;Sword & Shield - Darkness Ablaze 3-Pack Blister Flareon;;;Sun & Moon - Guardians Rising 3-Pack Blister Vikavolt;;;Scarlet & Violet Blister Machamp;;;Scarlet & Violet - Paradox Rift Blister Hydreigon;;;Scarlet & Violet - Paldea Evolved Blister Smoliv;;;Sword & Shield - Rebel Clash 3-Pack Blister Duraludon;;;Sword & Shield - Chilling Reign Checklane Blister Morpeko;;;Scarlet & Violet - Paldea Evolved Blister Growlithe;;;Sword & Shield - Vivid Voltage Checklane Blister Chandelure;;;Sword & Shield - Chilling Reign Checklane Blister Phanpy;;;Sword & Shield - Battle Styles Premium Checklane Blister Tyranitar;;;Sword & Shield - Silver Tempest 3-Pack Blister Cranidos;;;Sword & Shield - Lost Origin 3-Pack Blister Scorbunny;;;Sword & Shield - Vivid Voltage 3-Pack Blister Vaporeon;;;Sword & Shield - Vivid Voltage Checklane Blister Luxray;;;Sword & Shield - Fusion Strike Premium Checklane Blister Rillaboom;;;Sword & Shield - Fusion Strike Premium Checklane Blister Cinderace;;;Sword & Shield - Battle Styles 3-Pack Blister Jolteon;;;Sword & Shield - Battle Styles 3-Pack Blister Eevee;;;Sword & Shield - Astral Radiance 3-Pack Blister Toxel;;;Sun & Moon - Burning Shadows 2-Pack Blister Alolan Pok\u00e9mon;;;Sword & Shield - Astral Radiance 3-Pack Blister Oricorio;;;2-Pack Blister Archaludon;;;Sword & Shield - Evolving Skies Premium Checklane Blister Emboar;;;Sword & Shield - Vivid Voltage Checklane Blister Scorbunny;;;Sword & Shield - Fusion Strike Checklane Blister Blitzle;;;2-Pack Blister Espathra;;;Sword & Shield - Evolving Skies Premium Checklane Blister Luxray;;;Scarlet & Violet - Paradox Rift Blister Pineco;;;Sword & Shield - Evolving Skies Checklane Blister Eevee;;;Sword & Shield - Evolving Skies Checklane Blister Galarian Slowpoke;;;Scarlet & Violet - Paradox Rift Blister Sinistea;;;Sword & Shield - Vivid Voltage Checklane Blister Grookey;;;Galarian Slowking, Galarian Obstagoon & Dragapult Knock Out Collection;;;Alolan Raichu;;;Marshadow;;;Reuniclus;;;Morpeko;;;Tinkaton;;;Gothitelle;;;Scrafty;;;Quagsire;;;Yanmega;;;Sword & Shield - Brilliant Stars Checklane Blister Flapple;;;Sword & Shield - Brilliant Stars Checklane Blister Eevee;;;Enhanced 2-Pack Blister Palafin, Baxcalibur, Garganacl;;;Tapu Koko;;;Pikachu;;;Latias;;;Zebstrika;;;Glaceon;;;Leafeon;;;Sylveon;;;Kangaskhan;;;Galarian Moltres;;;Galarian Zapdos;;;Galarian Articuno;;;Champion's Path Gym Box - Circhester;;;Unova Victini Illustration Collection;;;Scarlet & Violet - Shrouded Fable Kingambit Illustration Collection;;;Unova Poster Collection;;;Crown Zenith Premium Collection - Shiny Zacian;;;Crown Zenith Premium Collection - Shiny Zamazenta;;;Evolving Powers Premium Collection;;;Quaxly Paldea Collection;;;Enhanced 2-Pack Blister Latios, Zekrom, Palkia;;;Enhanced 2-Pack Blister Okidogi, Munkidori, Fezandipiti;;;Sword & Shield - Silver Tempest Premium Checklane Blister Magnezone;;;Grookey Galar Collection;;;Pikachu & Eevee Pok\u00e9 Ball Collection;;;Scorbunny Galar Collection;;;Shaymin, Zeraora & Marshadow Knock Out Collection;;;Sobble Galar Collection;;;Champion's Path Gym Box - Stow-on-Side;;;Spring 2022 Collector Chest;;;Celebrations Collector Chest;;;Fall 2023 Collector Chest;;;Spring 2021 Collector Chest;;;Summer 2024 Collector Chest;;;Fall 2024 Collector Chest;;;Summer 2023 Collector Chest;;;Fall 2020 Collector Chest;;;Spring 2020 Collector Chest;;;Shining Legends Collector Chest","c4t_usd_price":"","c4t_bundles_products_list":"165x Sword & Shield - Brilliant Stars Checklane Blister Eevee<br \/>160x Enhanced 2-Pack Blister Palafin, Baxcalibur, Garganacl<br \/>160x Zacian<br \/>145x Spring 2022 Collector Chest<br \/>129x Rillaboom<br \/>128x Inteleon<br \/>122x Cinderace<br \/>99x Sword & Shield - Brilliant Stars Checklane Blister Flapple<br \/>92x Galarian Zapdos<br \/>88x Sword & Shield - Evolving Skies 3-Pack Blister Umbreon<br \/>86x Galarian Articuno<br \/>86x Sword & Shield - Fusion Strike 3-Pack Blister Espeon<br \/>80x Celebrations Collection - Dragapult Prime<br \/>80x Sword & Shield - Evolving Skies 3-Pack Blister Eiscue<br \/>78x Crown Zenith Premium Collection - Shiny Zamazenta<br \/>77x Sword & Shield - Brilliant Stars 3-Pack Blister Glaceon<br \/>72x Enhanced 2-Pack Blister Armarouge, Revavroom, Houndstone<br \/>69x Sword & Shield - Brilliant Stars 3-Pack Blister Leafeon<br \/>67x Evolving Powers Premium Collection<br \/>66x Galarian Moltres<br \/>66x Maschiff<br \/>65x Sword & Shield - Fusion Strike Checklane Blister Tepig<br \/>62x Celebrations Collector Chest<br \/>59x Pecharunt<br \/>58x Sword & Shield - Fusion Strike 3-Pack Blister Eevee<br \/>54x Sword & Shield - Fusion Strike Checklane Blister Blitzle<br \/>52x Crown Zenith Premium Collection - Shiny Zacian<br \/>52x Radiant Eevee<br \/>45x Sword & Shield - Lost Origin 4-Pack Blister Regigigas<br \/>44x Fidough<br \/>44x Scarlet & Violet - Paldea Evolved Blister Varoom<br \/>44x Sword & Shield - Lost Origin 4-Pack Blister Weavile<br \/>43x Scarlet & Violet - Paldea Evolved Blister Tinkatink<br \/>39x Polteageist<br \/>38x 2-Pack Blister Espathra<br \/>38x Fall 2023 Collector Chest<br \/>36x Sylveon<br \/>35x Bunnelby<br \/>35x Dedenne<br \/>35x Galarian Mr. Rime<br \/>35x Glaceon<br \/>35x Leafeon<br \/>34x Pok\u00e9mon GO Collection Blissey<br \/>33x Enhanced 2-Pack Blister Galarian Articuno, Galarian Zapdos, and Galarian Moltres<br \/>33x Mimikyu<br \/>31x Revavroom<br \/>31x Sword & Shield - Silver Tempest 4-Pack Blister Togetic<br \/>30x Sword & Shield - Silver Tempest 4-Pack Blister Manaphy<br \/>29x Reuniclus<br \/>28x Pok\u00e9mon GO Collection Snorlax<br \/>28x Quagsire<br \/>27x Pok\u00e9mon GO Collection Pikachu<br \/>25x Unova Poster Collection<br \/>25x Unova Victini Illustration Collection<br \/>25x Zapdos<br \/>24x Arctibax<br \/>24x Quaxly Paldea Collection<br \/>24x Snorlax<br \/>24x Yanmega<br \/>23x Greavard<br \/>23x Scrafty<br \/>23x Sword & Shield - Evolving Skies Checklane Blister Eevee<br \/>23x Sword & Shield - Evolving Skies Premium Checklane Blister Luxray<br \/>21x Sword & Shield - Astral Radiance 3-Pack Blister Eevee<br \/>21x Sword & Shield - Astral Radiance 3-Pack Blister Sylveon<br \/>20x Cleffa<br \/>20x Scarlet & Violet - Obsidian Flames Blister Eevee<br \/>20x Scarlet & Violet - Obsidian Flames Blister Houndstone<br \/>20x Scarlet & Violet - Shrouded Fable Kingambit Illustration Collection<br \/>20x Scarlet & Violet Blister Arcanine<br \/>20x Sprigatito Paldea Collection<br \/>20x Sword & Shield - Evolving Skies Checklane Blister Galarian Slowpoke<br \/>19x Scarlet & Violet - Paradox Rift Blister Sinistea<br \/>19x Spring 2021 Collector Chest<br \/>18x Alcremie<br \/>18x Scarlet & Violet Blister Dondozo<br \/>17x 2-Pack Blister Archaludon<br \/>17x Scarlet & Violet - Paradox Rift Blister Pineco<br \/>17x Spark<br \/>17x Sword & Shield - Vivid Voltage Checklane Blister Grookey<br \/>17x Zebstrika<br \/>16x Gothitelle<br \/>16x Sword & Shield - Chilling Reign 3-Pack Blister Snorlax<br \/>15x Champion's Path Gym Box - Stow-on-Side<br \/>14x Cyclizar<br \/>14x Sword & Shield - Chilling Reign 3-Pack Blister Eevee<br \/>13x Champion's Path Gym Box - Circhester<br \/>13x Charmander<br \/>13x Fuecoco Paldea Collection<br \/>12x Bulbasaur<br \/>12x Cetitan<br \/>12x Kangaskhan<br \/>12x Squirtle<br \/>11x Enhanced 2-Pack Blister Articuno, Zapdos, Moltres<br \/>11x Summer 2024 Collector Chest<br \/>10x Eldegoss<br \/>10x Sword & Shield - Astral Radiance 3-Pack Blister Oricorio<br \/>9x Sword & Shield - Battle Styles 3-Pack Blister Eevee<br \/>9x Sword & Shield - Battle Styles 3-Pack Blister Jolteon<br \/>8x Fall 2024 Collector Chest<br \/>7x Duraludon<br \/>7x Sword & Shield - Astral Radiance 3-Pack Blister Toxel<br \/>6x 2-Pack Blister Pawmot<br \/>6x Pikachu & Eevee Pok\u00e9 Ball Collection<br \/>6x Summer 2023 Collector Chest<br \/>6x Sun & Moon - Burning Shadows 2-Pack Blister Alolan Pok\u00e9mon<br \/>6x Sword & Shield - Vivid Voltage Checklane Blister Scorbunny<br \/>5x Sword & Shield - Fusion Strike Premium Checklane Blister Cinderace<br \/>5x Sword & Shield - Fusion Strike Premium Checklane Blister Rillaboom<br \/>5x Tinkaton<br \/>3x Drednaw<br \/>3x Enhanced 2-Pack Blister Latios, Zekrom, Palkia<br \/>3x Fall 2020 Collector Chest<br \/>3x Sword & Shield - Lost Origin 3-Pack Blister Scorbunny<br \/>3x Sword & Shield - Vivid Voltage 3-Pack Blister Sobble<br \/>2x Alolan Raichu<br \/>2x Centiskorch<br \/>2x Enhanced 2-Pack Blister Okidogi, Munkidori, Fezandipiti<br \/>2x Grookey Galar Collection<br \/>2x Spring 2020 Collector Chest<br \/>2x Sword & Shield - Evolving Skies Premium Checklane Blister Emboar<br \/>2x Sword & Shield - Vivid Voltage Checklane Blister Chandelure<br \/>1x Galarian Obstagoon<br \/>1x Marshadow<br \/>1x Scorbunny Galar Collection<br \/>1x Shaymin, Zeraora & Marshadow Knock Out Collection<br \/>1x Shining Legends Collector Chest<br \/>1x Sobble Galar Collection<br \/>1x Sword & Shield - Silver Tempest Premium Checklane Blister Magnezone<br \/>1x Sword & Shield - Vivid Voltage Checklane Blister Luxray","c4t_bundles_products_diff":156,"c4t_bundles_products_total":4297},"_links":{"self":[{"href":"https:\/\/codes4tcg.live\/en\/wp-json\/wp\/v2\/product\/908","targetHints":{"allow":["GET"]}}],"collection":[{"href":"https:\/\/codes4tcg.live\/en\/wp-json\/wp\/v2\/product"}],"about":[{"href":"https:\/\/codes4tcg.live\/en\/wp-json\/wp\/v2\/types\/product"}],"wp:featuredmedia":[{"embeddable":true,"href":"https:\/\/codes4tcg.live\/en\/wp-json\/wp\/v2\/media\/1065"}],"wp:attachment":[{"href":"https:\/\/codes4tcg.live\/en\/wp-json\/wp\/v2\/media?parent=908"}],"wp:term":[{"taxonomy":"product_brand","embeddable":true,"href":"https:\/\/codes4tcg.live\/en\/wp-json\/wp\/v2\/product_brand?post=908"},{"taxonomy":"product_cat","embeddable":true,"href":"https:\/\/codes4tcg.live\/en\/wp-json\/wp\/v2\/product_cat?post=908"},{"taxonomy":"product_tag","embeddable":true,"href":"https:\/\/codes4tcg.live\/en\/wp-json\/wp\/v2\/product_tag?post=908"}],"curies":[{"name":"wp","href":"https:\/\/api.w.org\/{rel}","templated":true}]}}